{"id":99,"date":"2025-05-26T08:21:26","date_gmt":"2025-05-26T08:21:26","guid":{"rendered":"https:\/\/2025-mmiang-tp3-groupe-1-cinema-itinerant.alwaysdata.net\/?page_id=99"},"modified":"2025-06-18T15:46:23","modified_gmt":"2025-06-18T15:46:23","slug":"accueil","status":"publish","type":"page","link":"https:\/\/2025-mmiang-tp3-groupe-1-cinema-itinerant.alwaysdata.net\/","title":{"rendered":"Accueil"},"content":{"rendered":"\n<div class=\"wp-block-uagb-container uagb-block-52c59fb8 alignfull uagb-is-root-container\"><div class=\"uagb-container-inner-blocks-wrap\">\n<div class=\"wp-block-uagb-container uagb-block-bc2a37e7\">\n<div class=\"wp-block-group is-nowrap is-layout-flex wp-container-core-group-is-layout-6c531013 wp-block-group-is-layout-flex\">\n<h2 class=\"wp-block-heading has-ast-global-color-4-color has-text-color has-link-color wp-elements-bbc06fcca09efb76af7dc3441c05f382\" style=\"margin-top:0;margin-right:0;margin-bottom:0;margin-left:0\">A l&rsquo;affiche<\/h2>\n\n\n\n<div class=\"wp-block-group is-nowrap is-layout-flex wp-container-core-group-is-layout-6c531013 wp-block-group-is-layout-flex\">\n<p class=\"has-ast-global-color-5-color has-text-color has-link-color has-small-font-size wp-elements-42f84741a14c90d66ca781089affc561\" style=\"margin-top:0;margin-right:0;margin-bottom:0;margin-left:0\">2 Juillet<\/p>\n\n\n\n<p class=\"has-ast-global-color-5-color has-text-color has-link-color has-small-font-size wp-elements-5fb745cfc6f87369d537a1a2164188c9\" style=\"margin-top:0;margin-right:0;margin-bottom:0;margin-left:0;padding-top:0;padding-right:0;padding-bottom:0;padding-left:0\">Chazelles<\/p>\n<\/div>\n<\/div>\n\n\n\n<div class=\"wp-block-group is-vertical is-layout-flex wp-container-core-group-is-layout-c35747d5 wp-block-group-is-layout-flex\">\n<h3 class=\"wp-block-heading has-ast-global-color-5-color has-text-color has-link-color wp-elements-ba9cc8d90b2a879cee2f2390452a80ff\" style=\"margin-top:0;margin-bottom:0\">Forrest  Gump<\/h3>\n\n\n\n<p class=\"has-text-align-left has-ast-global-color-5-color has-text-color has-link-color wp-elements-be4d5f6ca0d374005ea02d8563bf7c20\" style=\"margin-top:0;margin-bottom:0\">Nous suivons la vie d\u2019un homme simple et au grand c\u0153ur, qui, malgr\u00e9 son intelligence limit\u00e9e, conna\u00eet une s\u00e9rie d&rsquo;\u00e9v\u00e9nements extraordinaires. De son enfance dans l&rsquo;Alabama aux champs de bataille du Vietnam, il devient par hasard un h\u00e9ros national et un t\u00e9moin de l&rsquo;histoire.<\/p>\n\n\n\n<div class=\"wp-block-uagb-buttons uagb-buttons__outer-wrap uagb-btn__default-btn uagb-btn-tablet__default-btn uagb-btn-mobile__default-btn uagb-block-e47aa215\"><div class=\"uagb-buttons__wrap uagb-buttons-layout-wrap \">\n<div class=\"wp-block-uagb-buttons-child uagb-buttons__outer-wrap uagb-block-06b89cee wp-block-button\"><div class=\"uagb-button__wrapper\"><a class=\"uagb-buttons-repeater wp-block-button__link\" aria-label=\"\" href=\"https:\/\/2025-mmiang-tp3-groupe-1-cinema-itinerant.alwaysdata.net\/index.php\/au-programme\/\" rel=\"follow noopener\" target=\"_self\" role=\"button\"><div class=\"uagb-button__link\">En savoir plus<\/div><\/a><\/div><\/div>\n<\/div><\/div>\n<\/div>\n<\/div>\n<\/div><\/div>\n\n\n\n<div class=\"wp-block-group margepc is-layout-constrained wp-container-core-group-is-layout-f86e3ee4 wp-block-group-is-layout-constrained\" style=\"margin-top:0;margin-bottom:0;padding-top:0;padding-right:1em;padding-bottom:0;padding-left:1em\">\n<div class=\"wp-block-group is-style-default has-border-color has-background is-vertical is-content-justification-left is-layout-flex wp-container-core-group-is-layout-6b967a98 wp-block-group-is-layout-flex\" style=\"border-color:#fff7c5;border-width:2px;border-radius:20px;background-color:#fffdea;min-height:0px;margin-top:2rem;margin-bottom:2rem;padding-top:3rem;padding-right:2rem;padding-bottom:3rem;padding-left:2rem;box-shadow:var(--wp--preset--shadow--natural);background-image:url(&apos;https:\/\/2025-mmiang-tp3-groupe-1-cinema-itinerant.alwaysdata.net\/wp-content\/uploads\/2025\/05\/unnamed-file.png&apos;);background-position:97% 50%;background-repeat:no-repeat;background-size:contain;\">\n<h2 class=\"wp-block-heading has-ast-global-color-1-color has-text-color has-link-color has-large-font-size wp-elements-03ef89fce323e56ebbdda899aa062a12\" style=\"padding-top:var(--wp--preset--spacing--20);padding-bottom:var(--wp--preset--spacing--20)\">Qui sommes nous ?<\/h2>\n\n\n\n<p class=\"has-ast-global-color-6-color has-text-color has-link-color wp-elements-225daf74470ad1d5a6ffce1194427bd8\" style=\"font-size:16px\">CineGo est une association qui souhaite faire grandir le cin\u00e9ma itin\u00e9rant.<br>Nous proposons chaque mois de juillet, un programme de projection vari\u00e9 tout au long d\u2019un circuit de 8 villages.<\/p>\n\n\n\n<figure class=\"wp-block-embed is-type-video is-provider-youtube wp-block-embed-youtube wp-embed-aspect-16-9 wp-has-aspect-ratio\" style=\"margin-top:0;margin-bottom:0\"><div class=\"wp-block-embed__wrapper\">\n<div class=\"ast-oembed-container \" style=\"height: 100%;\"><iframe loading=\"lazy\" title=\"TP3 - Amir, Nolan, Mathis, Noam - CineGo\" width=\"500\" height=\"281\" src=\"https:\/\/www.youtube.com\/embed\/6vTdRT0BwnY?feature=oembed\" frameborder=\"0\" allow=\"accelerometer; autoplay; clipboard-write; encrypted-media; gyroscope; picture-in-picture; web-share\" referrerpolicy=\"strict-origin-when-cross-origin\" allowfullscreen><\/iframe><\/div>\n<\/div><\/figure>\n<\/div>\n\n\n\n<div class=\"wp-block-group has-border-color has-background is-vertical is-layout-flex wp-container-core-group-is-layout-74276912 wp-block-group-is-layout-flex\" style=\"border-color:#fff7c5;border-style:solid;border-width:2px;border-radius:20px;background-color:#fffdea;margin-top:2rem;margin-bottom:2rem;padding-top:3rem;padding-right:2rem;padding-bottom:3rem;padding-left:2rem;box-shadow:var(--wp--preset--shadow--natural);background-image:url(&apos;https:\/\/2025-mmiang-tp3-groupe-1-cinema-itinerant.alwaysdata.net\/wp-content\/uploads\/2025\/05\/Vector.png&apos;);background-position:97% 50%;background-repeat:no-repeat;background-size:contain;\">\n<h2 class=\"wp-block-heading has-ast-global-color-1-color has-text-color has-link-color has-large-font-size wp-elements-f8000aa4e1ae1cac79c73ce41cbf3a52\" style=\"padding-top:var(--wp--preset--spacing--20);padding-bottom:var(--wp--preset--spacing--20)\">Le cin\u00e9ma itin\u00e9rant,<br>C\u2019est quoi ?<\/h2>\n\n\n\n<p class=\"has-ast-global-color-6-color has-text-color has-link-color wp-elements-ad9aafd561e89cd4675f8ce87ca709c9\" style=\"font-size:16px\">C\u2019est un concept de cin\u00e9ma qui se d\u00e9place de ville en ville pour apporter la culture en zone rurale. Nous apportons le mat\u00e9riel afin de pouvoir projeter en salle comme en pleine air.<\/p>\n<\/div>\n\n\n\n<div class=\"wp-block-group has-border-color has-ast-global-color-3-border-color has-ast-global-color-4-background-color has-background is-vertical is-content-justification-left is-layout-flex wp-container-core-group-is-layout-6b5834d0 wp-block-group-is-layout-flex\" style=\"border-radius:20px;min-height:0px;margin-top:2rem;margin-bottom:2rem;padding-top:3rem;padding-right:2rem;padding-bottom:3rem;padding-left:2rem;box-shadow:var(--wp--preset--shadow--natural);background-image:url(&apos;https:\/\/2025-mmiang-tp3-groupe-1-cinema-itinerant.alwaysdata.net\/wp-content\/uploads\/2025\/05\/Vector-1.png&apos;);background-position:97% 50%;background-repeat:no-repeat;background-size:contain;\">\n<h2 class=\"wp-block-heading has-ast-global-color-1-color has-text-color has-link-color has-poppins-font-family has-large-font-size wp-elements-eb360d02b80e57386896825685b85608\" style=\"padding-top:var(--wp--preset--spacing--20);padding-bottom:var(--wp--preset--spacing--20);font-style:normal;font-weight:700\">Pourquoi pas<br>le cin\u00e9ma classique ?<\/h2>\n\n\n\n<p class=\"has-ast-global-color-6-color has-text-color has-link-color has-poppins-font-family wp-elements-972f8e8aea8c41b715fe199b8fb229eb\" style=\"font-size:16px;line-height:1.1\">Si vous cherchez \u00e0 voir les derniers blockbusters avec un sac de pop-corn \u00e0 10 euros, alors le cin\u00e9ma itin\u00e9rants n\u2019est pas pour vous. Si en revanche vous chercher \u00e0 d\u00e9couvrir des p\u00e9pites cach\u00e9es, dans un moment convivial autour d\u2019un petit repas, vous avez sonn\u00e9 \u00e0 la bonne porte.<\/p>\n<\/div>\n<\/div>\n\n\n\n<div class=\"wp-block-group has-ast-global-color-4-background-color has-background is-horizontal is-nowrap is-layout-flex wp-container-core-group-is-layout-7794230b wp-block-group-is-layout-flex\" style=\"min-height:0rem;margin-top:0;margin-bottom:0;padding-top:1.4rem;padding-right:1.4rem;padding-bottom:1.4rem;padding-left:1.4rem\">\n<figure class=\"wp-block-image size-full is-style-default\" style=\"margin-top:0;margin-bottom:0\"><img loading=\"lazy\" decoding=\"async\" width=\"448\" height=\"417\" src=\"https:\/\/2025-mmiang-tp3-groupe-1-cinema-itinerant.alwaysdata.net\/wp-content\/uploads\/2025\/05\/Icons-2.png\" alt=\"\" class=\"wp-image-229\" style=\"box-shadow:none;object-fit:cover\" srcset=\"https:\/\/2025-mmiang-tp3-groupe-1-cinema-itinerant.alwaysdata.net\/wp-content\/uploads\/2025\/05\/Icons-2.png 448w, https:\/\/2025-mmiang-tp3-groupe-1-cinema-itinerant.alwaysdata.net\/wp-content\/uploads\/2025\/05\/Icons-2-300x279.png 300w\" sizes=\"auto, (max-width: 448px) 100vw, 448px\" \/><\/figure>\n\n\n\n<div class=\"wp-block-group is-vertical is-layout-flex wp-container-core-group-is-layout-942069e1 wp-block-group-is-layout-flex\" style=\"margin-top:0;margin-bottom:0;padding-top:0;padding-bottom:0\">\n<h2 class=\"wp-block-heading\">Au programme<\/h2>\n\n\n\n<div class=\"wp-block-group is-layout-constrained wp-container-core-group-is-layout-a26717ff wp-block-group-is-layout-constrained\" style=\"min-height:0px;margin-top:0;margin-bottom:0;padding-top:0;padding-bottom:0\">\n<p>Que ce soit pour une sortie en famille, un rendez-vous amoureux ou juste pour le plaisir du cin\u00e9ma, venez profiter d\u2019une s\u00e9ance \u00e0 l\u2019un des points de passage de Cin\u00e9go<\/p>\n\n\n\n<div class=\"wp-block-group is-layout-constrained wp-block-group-is-layout-constrained\">\n<p style=\"margin-top:0;margin-right:0;margin-bottom:0;margin-left:0\">Prochaine s\u00e9ance :<\/p>\n\n\n\n<p class=\"has-ast-global-color-2-color has-text-color has-link-color wp-elements-b712c26fe4e322924c75949bb72ac1a2\" style=\"margin-top:0;margin-right:0;margin-bottom:0;margin-left:0;padding-top:0;padding-right:0;padding-bottom:0;padding-left:0\"><span class=\"wp-rich-text-font-awesome-icon wp-font-awesome-icon\"><svg aria-hidden=\"true\" focusable=\"false\" data-prefix=\"fas\" data-icon=\"clock\" class=\"svg-inline--fa fa-clock \" role=\"img\" xmlns=\"http:\/\/www.w3.org\/2000\/svg\" viewBox=\"0 0 512 512\"><path fill=\"currentColor\" d=\"M256 0a256 256 0 1 1 0 512A256 256 0 1 1 256 0zM232 120l0 136c0 8 4 15.5 10.7 20l96 64c11 7.4 25.9 4.4 33.3-6.7s4.4-25.9-6.7-33.3L280 243.2 280 120c0-13.3-10.7-24-24-24s-24 10.7-24 24z\"><\/path><\/svg><\/span> 2 Juillet<\/p>\n\n\n\n<p class=\"has-ast-global-color-2-color has-text-color has-link-color wp-elements-38b04cef6f8a1ddd0a2f64632256f299\" style=\"margin-top:0;margin-right:0;margin-bottom:0;margin-left:0\"><span class=\"wp-rich-text-font-awesome-icon wp-font-awesome-icon\"><svg aria-hidden=\"true\" focusable=\"false\" data-prefix=\"fas\" data-icon=\"location-dot\" class=\"svg-inline--fa fa-location-dot \" role=\"img\" xmlns=\"http:\/\/www.w3.org\/2000\/svg\" viewBox=\"0 0 384 512\"><path fill=\"currentColor\" d=\"M215.7 499.2C267 435 384 279.4 384 192C384 86 298 0 192 0S0 86 0 192c0 87.4 117 243 168.3 307.2c12.3 15.3 35.1 15.3 47.4 0zM192 128a64 64 0 1 1 0 128 64 64 0 1 1 0-128z\"><\/path><\/svg><\/span> Chazelles<\/p>\n<\/div>\n<\/div>\n\n\n\n<div class=\"wp-block-buttons is-layout-flex wp-block-buttons-is-layout-flex\">\n<div class=\"wp-block-button is-style-fill\"><a class=\"wp-block-button__link has-ast-global-color-0-background-color has-background wp-element-button\">Prenez votre place<\/a><\/div>\n<\/div>\n<\/div>\n<\/div>\n","protected":false},"excerpt":{"rendered":"<p>A l&rsquo;affiche 2 Juillet Chazelles Forrest Gump Nous suivons la vie d\u2019un homme simple et au grand c\u0153ur, qui, malgr\u00e9 [&hellip;]<\/p>\n","protected":false},"author":1,"featured_media":0,"parent":0,"menu_order":0,"comment_status":"closed","ping_status":"closed","template":"","meta":{"_uag_custom_page_level_css":"@media (min-width: 1025px) {\n  .margepc {\n    margin-left: 10rem;\n    margin-right: 10rem;\n  }\n}\n\n\/* Pas de marge sur tablette et mobile *\/\n@media (max-width: 1024px) {\n  .margepc {\n    margin-left: 0;\n    margin-right: 0;\n  }\n}\n","site-sidebar-layout":"default","site-content-layout":"","ast-site-content-layout":"full-width-container","site-content-style":"default","site-sidebar-style":"default","ast-global-header-display":"","ast-banner-title-visibility":"","ast-main-header-display":"","ast-hfb-above-header-display":"","ast-hfb-below-header-display":"","ast-hfb-mobile-header-display":"","site-post-title":"disabled","ast-breadcrumbs-content":"","ast-featured-img":"","footer-sml-layout":"","theme-transparent-header-meta":"","adv-header-id-meta":"","stick-header-meta":"","header-above-stick-meta":"","header-main-stick-meta":"","header-below-stick-meta":"","astra-migrate-meta-layouts":"default","ast-page-background-enabled":"default","ast-page-background-meta":{"desktop":{"background-color":"var(--ast-global-color-5)","background-image":"","background-repeat":"repeat","background-position":"center center","background-size":"auto","background-attachment":"scroll","background-type":"","background-media":"","overlay-type":"","overlay-color":"","overlay-opacity":"","overlay-gradient":""},"tablet":{"background-color":"","background-image":"","background-repeat":"repeat","background-position":"center center","background-size":"auto","background-attachment":"scroll","background-type":"","background-media":"","overlay-type":"","overlay-color":"","overlay-opacity":"","overlay-gradient":""},"mobile":{"background-color":"","background-image":"","background-repeat":"repeat","background-position":"center center","background-size":"auto","background-attachment":"scroll","background-type":"","background-media":"","overlay-type":"","overlay-color":"","overlay-opacity":"","overlay-gradient":""}},"ast-content-background-meta":{"desktop":{"background-color":"var(--ast-global-color-4)","background-image":"","background-repeat":"repeat","background-position":"center center","background-size":"auto","background-attachment":"scroll","background-type":"","background-media":"","overlay-type":"","overlay-color":"","overlay-opacity":"","overlay-gradient":""},"tablet":{"background-color":"var(--ast-global-color-4)","background-image":"","background-repeat":"repeat","background-position":"center center","background-size":"auto","background-attachment":"scroll","background-type":"","background-media":"","overlay-type":"","overlay-color":"","overlay-opacity":"","overlay-gradient":""},"mobile":{"background-color":"var(--ast-global-color-4)","background-image":"","background-repeat":"repeat","background-position":"center center","background-size":"auto","background-attachment":"scroll","background-type":"","background-media":"","overlay-type":"","overlay-color":"","overlay-opacity":"","overlay-gradient":""}},"footnotes":""},"class_list":["post-99","page","type-page","status-publish","hentry"],"uagb_featured_image_src":{"full":false,"thumbnail":false,"medium":false,"medium_large":false,"large":false,"1536x1536":false,"2048x2048":false},"uagb_author_info":{"display_name":"2025-mmiang-tp3-groupe-1-cinema-itinerant","author_link":"https:\/\/2025-mmiang-tp3-groupe-1-cinema-itinerant.alwaysdata.net\/index.php\/author\/2025-mmiang-tp3-groupe-1-cinema-itinerant\/"},"uagb_comment_info":0,"uagb_excerpt":"A l&rsquo;affiche 2 Juillet Chazelles Forrest Gump Nous suivons la vie d\u2019un homme simple et au grand c\u0153ur, qui, malgr\u00e9 [&hellip;]","_links":{"self":[{"href":"https:\/\/2025-mmiang-tp3-groupe-1-cinema-itinerant.alwaysdata.net\/index.php\/wp-json\/wp\/v2\/pages\/99","targetHints":{"allow":["GET"]}}],"collection":[{"href":"https:\/\/2025-mmiang-tp3-groupe-1-cinema-itinerant.alwaysdata.net\/index.php\/wp-json\/wp\/v2\/pages"}],"about":[{"href":"https:\/\/2025-mmiang-tp3-groupe-1-cinema-itinerant.alwaysdata.net\/index.php\/wp-json\/wp\/v2\/types\/page"}],"author":[{"embeddable":true,"href":"https:\/\/2025-mmiang-tp3-groupe-1-cinema-itinerant.alwaysdata.net\/index.php\/wp-json\/wp\/v2\/users\/1"}],"replies":[{"embeddable":true,"href":"https:\/\/2025-mmiang-tp3-groupe-1-cinema-itinerant.alwaysdata.net\/index.php\/wp-json\/wp\/v2\/comments?post=99"}],"version-history":[{"count":93,"href":"https:\/\/2025-mmiang-tp3-groupe-1-cinema-itinerant.alwaysdata.net\/index.php\/wp-json\/wp\/v2\/pages\/99\/revisions"}],"predecessor-version":[{"id":471,"href":"https:\/\/2025-mmiang-tp3-groupe-1-cinema-itinerant.alwaysdata.net\/index.php\/wp-json\/wp\/v2\/pages\/99\/revisions\/471"}],"wp:attachment":[{"href":"https:\/\/2025-mmiang-tp3-groupe-1-cinema-itinerant.alwaysdata.net\/index.php\/wp-json\/wp\/v2\/media?parent=99"}],"curies":[{"name":"wp","href":"https:\/\/api.w.org\/{rel}","templated":true}]}}